{"id":413,"date":"2022-01-24T16:50:52","date_gmt":"2022-01-24T15:50:52","guid":{"rendered":"http:\/\/lavitaemeravigliosavivila.it\/?page_id=3"},"modified":"2022-01-24T16:50:52","modified_gmt":"2022-01-24T15:50:52","slug":"privacy-policy-2","status":"publish","type":"page","link":"https:\/\/stampealfa.it\/index.php\/privacy-policy-2\/","title":{"rendered":"Privacy policy"},"content":{"rendered":"\n<h2 class=\"wp-block-heading\" id=\"privacy-policy\">Privacy policy<\/h2>\n\n\n\n<p>La presente informativa viene resa ai sensi dell\u2019art. 13 del D. Lgs. 30 giugno 2003, 196 (\u201cCodice in materia di protezione dei dati personali\u201d) e dell\u2019art. 13 del Regolamento UE n. 2016\/679 (\u201cRegolamento generale europeo sulla protezione dei dati personali\u201d).<\/p>\n\n\n\n<p>La Societ\u00e0 <strong>La vita \u00e8 meravigliosa. Vivila!<\/strong>, con sede legale in via Ugo della Seta, 41, 00139 Roma, in persona di Daniele Romanelli, in qualit\u00e0 di Titolare del trattamento (in seguito, \u201cTitolare\u201d), informa ai sensi dell\u2019art. 13, D. Lgs. del 30 giugno 2003, 196 (in seguito, \u201cCodice Privacy\u201d) e dell\u2019art. 13, Regolamento UE n. 2016\/679 (in seguito, \u201cGDPR\u201d) che i Suoi dati saranno trattati con le modalit\u00e0 e per le finalit\u00e0 seguenti:<\/p>\n\n\n\n<h5 class=\"wp-block-heading\" id=\"oggetto-del-trattamento\"><strong>Oggetto del trattamento<\/strong><\/h5>\n\n\n\n<p>Il Titolare si cura della tutela dei Suoi dati personali e rispetta la normativa sulla protezione dei dati personali applicabile (Codice Privacy e GDPR 12016\/679). I Suoi dati personali sono trattati con riservatezza e sono trasferiti a terzi unicamente in base a quanto previsto in questa Policy, o con il Suo consenso. Trattiamo i dati personali che ci fornisce durante l\u2019utilizzo del sito web e\/o dopo la registrazione al sito web.<br>In particolare, trattiamo:<\/p>\n\n\n\n<ol type=\"1\" class=\"nospace\"><li>i dati personali, identificativi e non sensibili (in particolare, nome, cognome, codice fiscale, p. iva, email, numero telefonico \u2013 in seguito, \u201cdati personali\u201d o anche \u201cdati\u201d) da Lei direttamente forniti, con la registrazione al sito e\/o la richiesta di fruire dei singoli servizi socio-educativi e socio-assistenziali offerti; dati strettamente nominali utenti minori<\/li><li>dati da Lei non direttamente forniti \u2013 e comunque acquisiti nei limiti di quanto previsto dall&#8217;art. 14, comma 5, GDPR \u2013 la cui trasmissione \u00e8 connessa all&#8217;uso dei protocolli di comunicazione di Internet (a mero titolo esemplificativo, accessi alla pagina, quantit\u00e0 di dati trasferiti, messaggio di status ad accessi avvenuti, numeri ID di sessione, indirizzi IP, indirizzi URL, etc.). Tali dati permettono di ricostruire il percorso delle Sue visite al sito.<\/li><\/ol>\n\n\n\n<h5 class=\"wp-block-heading\" id=\"finalita-del-trattamento\"><strong>Finalit\u00e0 del trattamento<\/strong><\/h5>\n\n\n\n<p>I Suoi dati personali sono trattati:<br>A) senza il Suo consenso espresso (art. 24, lett. a), b), c), Codice Privacy e art. 6, lett. b), e), GDPR), per le seguenti Finalit\u00e0 di Servizio:<\/p>\n\n\n\n<ol type=\"1\" class=\"nospace wp-block-list\"><li>processare una richiesta di contratto o una richiesta precontrattuale;<\/li><li>dare esecuzione a misure precontrattuali adottate dietro Sua richiesta;<\/li><li>elaborare statistiche interne;<\/li><li>adempiere agli obblighi fiscali derivanti da rapporti in essere;<\/li><li>adempiere agli obblighi previsti dalla legge, da un regolamento, dalla normativa comunitaria o da un ordine dell\u2019Autorit\u00e0;<\/li><li>salvaguardare gli interessi vitali dell\u2019interessato o di un\u2019altra persona fisica;<\/li><li>eseguire compiti di interesse pubblico o connesso all&#8217;esercizio di pubblici poteri di cui \u00e8 investito il titolare del trattamento;<\/li><li>prevenire o scoprire attivit\u00e0 fraudolente o abusi dannosi per il sito web;<\/li><li>perseguire un legittimo interesse del Titolare del trattamento o di terzi, nei limiti ed alle condizioni di cui all&#8217;art. 6, lettera f), GDPR;<\/li><li>esercitare i diritti del Titolare, (a mero titolo esemplificativo, il diritto di difesa in giudizio);<\/li><\/ol>\n\n\n\n<p>B) Solo previo Suo specifico e inequivocabile consenso (artt. 23 e 130, Codice Privacy e art. 7, GDPR), per le seguenti Finalit\u00e0 di Marketing: inviare via email newsletter, comunicazioni commerciali e\/o materiale pubblicitario su prodotti e\/o servizi, diversi e\/o dissimili da quelli gi\u00e0 acquistati, offerti dal Titolare.<\/p>\n\n\n\n<h5 class=\"wp-block-heading\" id=\"natura-del-conferimento-dei-dati-personali\"><strong>Natura del conferimento dei dati personali<\/strong><\/h5>\n\n\n\n<p>Il conferimento dei tuoi Dati per le finalit\u00e0 descritte nelle Finalit\u00e0 del trattamento, lettera A, n. 1 e 2, ha natura necessaria. In mancanza del conferimento non possiamo garantire la Sua registrazione al Sito, n\u00e9 la possibilit\u00e0 di dare corso alle Sue richieste.<br>Il conferimento dei Dati per le finalit\u00e0 descritte nelle Finalit\u00e0 del trattamento, lettera B, ha invece natura facoltativa. Puoi dunque decidere di non conferire alcun dato o revocare la possibilit\u00e0 di trattamento da parte nostra di dati conferiti in precedenza. In tal caso, non riceverai pi\u00f9 le nostre newsletter, mentre continuer\u00e0 a ricevere i nostri servizi e manterrai il diritto alla registrazione al sito.<\/p>\n\n\n\n<h5 class=\"wp-block-heading\" id=\"modalita-del-trattamento\"><strong>Modalit\u00e0 del trattamento<\/strong><\/h5>\n\n\n\n<p>Il trattamento dei Suoi dati personali \u00e8 realizzato per mezzo delle operazioni indicate all\u2019art. 4, Codice Privacy e all\u2019art. 4, n. 2), GDPR e precisamente: raccolta, registrazione, organizzazione, conservazione, consultazione, elaborazione, modificazione, selezione, estrazione, raffronto, utilizzo, interconnessione, blocco, comunicazione, cancellazione e distruzione dei dati. Il trattamento dei Suoi Dati sar\u00e0 improntato ai principi di correttezza, liceit\u00e0 e trasparenza e potr\u00e0 essere effettuato anche attraverso modalit\u00e0 automatizzate atte a memorizzarli, gestirli e trasmetterli ed avverr\u00e0 mediante strumenti idonei, per quanto di ragione e allo stato della tecnica, a garantire la sicurezza e la riservatezza tramite l\u2019utilizzo di idonee procedure che evitino il rischio di perdita, accesso non autorizzato, uso illecito e diffusione.<\/p>\n\n\n\n<h5 class=\"wp-block-heading\" id=\"periodo-di-conservazione-dei-dati\"><strong>Periodo di conservazione dei dati<\/strong><\/h5>\n\n\n\n<p>Il Titolare tratter\u00e0 i dati personali per il tempo necessario per adempiere alle finalit\u00e0 di cui sopra e per non oltre 2 anni dalla raccolta dei dati per le Finalit\u00e0 di Marketing. Decorso tale termine di conservazione, i dati saranno distrutti o resi anonimi.<\/p>\n\n\n\n<h5 class=\"wp-block-heading\" id=\"accesso-ai-dati\"><strong>Accesso ai dati<\/strong><\/h5>\n\n\n\n<p>I dati personali trattati dal Titolare non saranno diffusi, ovvero non ne verr\u00e0 data conoscenza a soggetti indeterminati, in nessuna possibile forma, inclusa quella della loro messa a disposizione o semplice consultazione. Potranno, invece, essere comunicati ai lavoratori che operano alle dipendenze del Titolare e ad alcuni soggetti esterni che con essi collaborano. In particolare, i Suoi dati potranno essere resi accessibili a:<\/p>\n\n\n\n<ol type=\"1\" class=\"nospace wp-block-list\"><li>dipendenti e collaboratori del Titolare, consulenti autorizzati alla gestione del sito e alla fornitura dei relativi servizi (a titolo esemplificativo: servizi clienti, dipartimento IT, ecc.), nella loro qualit\u00e0 di Responsabili interni e\/o Incaricati del trattamento dei dati personali e\/o Amministratori di sistema;<\/li><li>societ\u00e0 terze o altri soggetti (a mero titolo esemplificativo: istituti di credito, studi professionali, consulenti, compagnie di assicurazioni, etc.) che svolgono attivit\u00e0 in outsourcing per conto del Titolare, nella loro qualit\u00e0 di Responsabili esterni e\/o Incaricati del trattamento dei dati personali.<\/li><\/ol>\n\n\n\n<p>I Suoi dati potranno inoltre essere comunicati, nei limiti strettamente necessari, ai soggetti legittimati ad accedervi in forza di disposizioni di legge, regolamenti, normative comunitarie.<\/p>\n\n\n\n<h5 class=\"wp-block-heading\" id=\"comunicazione-dei-dati\"><strong>Comunicazione dei dati<\/strong><\/h5>\n\n\n\n<p>Senza il Suo espresso consenso (ex art. 24 lett. a), b), d), Codice Privacy e art. 6 lett. b), c), GDPR), il Titolare potr\u00e0 comunicare i Suoi dati per le finalit\u00e0 indicate a Organismi di vigilanza, Autorit\u00e0 giudiziarie nonch\u00e9 a tutti gli altri soggetti ai quali la comunicazione sia obbligatoria per legge per l\u2019espletamento delle finalit\u00e0 dette.<\/p>\n\n\n\n<h5 class=\"wp-block-heading\" id=\"trasferimento-dati\"><strong>Trasferimento dati<\/strong><\/h5>\n\n\n\n<p>La gestione e la conservazione dei dati personali avverr\u00e0 su server del Titolare e\/o di societ\u00e0 terze incaricate e debitamente nominate quali Responsabili del trattamento, ubicati all\u2019interno dell\u2019Unione Europea, ovvero in conformit\u00e0 di quanto previsto dagli artt. 45 e seg., GDPR. Attualmente i server sono situati nell\u2019Unione Europea. I dati non saranno oggetto di trasferimento al di fuori dell\u2019Unione Europea. Resta in ogni caso inteso che, qualora si rendesse necessario trasferire l\u2019ubicazione dei server, in Italia e\/o Unione Europea e\/o Paesi extra-UE, tale spostamento avverr\u00e0 sempre in ossequio agli artt. 45 e seg., GDPR. In tal caso, comunque, il Titolare assicura sin d\u2019ora che il trasferimento dei dati extra-UE avverr\u00e0 in conformit\u00e0 alle disposizioni di legge applicabili stipulando, se necessario, accordi che garantiscano un livello di protezione adeguato e\/o adottando le clausole contrattuali standard previste dalla Commissione Europea.<\/p>\n\n\n\n<h5 class=\"wp-block-heading\" id=\"dati-di-navigazione\"><strong>Dati di navigazione<\/strong><\/h5>\n\n\n\n<p>I sistemi informatici e le procedure software preposte al funzionamento del sito possono acquisire, nel corso della loro normale attivit\u00e0, alcuni dati personali la cui trasmissione \u00e8 implicita nell\u2019uso dei protocolli di comunicazione di Internet. Si tratta di informazioni che non vengono raccolte per essere associate a interessati identificati, ma che per loro stessa natura potrebbero, attraverso elaborazioni ed associazioni con dati detenuti da terzi, permettere di identificare gli utenti (i.e. parametri relativi al sistema operativo e all\u2019ambiente informatico dell\u2019utente). Tali dati vengono utilizzati dal Titolare al solo fine di ricavare informazioni statistiche anonime sull\u2019uso del Sito e per controllarne il corretto funzionamento e vengono cancellati immediatamente dopo l\u2019elaborazione. Tali dati possono inoltre essere utilizzati per l\u2019accertamento di responsabilit\u00e0 in caso di ipotetici reati informatici ai danni del Sito.<\/p>\n\n\n\n<h5 class=\"wp-block-heading\" id=\"cookies\"><strong>Cookies<\/strong><\/h5>\n\n\n\n<p>Quando utilizza il nostro sito, i <em>cookies <\/em>vengono conservati sul tuo computer. I <em>cookies <\/em>sono costituiti da piccoli file di testo che vengono salvati sul tuo computer e ci forniscono determinate informazioni. Sono ampiamente utilizzati al fine di far funzionare o di far funzionare in modo pi\u00f9 efficiente i siti Web per migliorare l\u2019esperienza dell\u2019utente, nonch\u00e9 per fornire determinate informazioni ai proprietari del sito. Il nostro sito usa <em>cookies <\/em>che rimangono sul tuo computer per tempi diversi. Alcuni scadono alla fine di ogni sessione e alcuni rimangono pi\u00f9 a lungo in modo che quando ritorni sul nostro Sito, puoi beneficiare di una migliore esperienza quale utente. I browser web ti consentono di esercitare un certo controllo sui <em>cookies <\/em>attraverso le impostazioni del browser. La maggior parte dei browser consente di bloccare i <em>cookies<\/em> o bloccare i <em>cookies<\/em> di determinati siti. I browser possono anche aiutarla a eliminare i <em>cookies <\/em>quando chiude il browser. Tuttavia, dovrebbe tenere a mente che ci\u00f2 potrebbe significare che eventuali opt-out o preferenze che ha impostato sul sito andranno persi. La invitiamo a consultare le informazioni tecniche relative al tuo browser per le istruzioni. Se sceglie di disabilitare l\u2019impostazione dei <em>cookies <\/em>o se rifiuta di accettare un cookie, alcune parti del servizio potrebbero non funzionare correttamente o potrebbero essere notevolmente pi\u00f9 lente.<\/p>\n\n\n\n<h5 class=\"wp-block-heading\" id=\"diritti-dell-interessato\"><strong>Diritti dell\u2019interessato<\/strong><\/h5>\n\n\n\n<p>Nella Sua qualit\u00e0 di interessato, ha i diritti di cui all\u2019art. 7, Codice Privacy e art. 15, GDPR e precisamente i diritti di:<\/p>\n\n\n\n<ol type=\"1\" class=\"nospace wp-block-list\"><li>ottenere la conferma dell\u2019esistenza o meno di dati personali che la riguardano, anche se non ancora registrati, e la loro comunicazione in forma intelligibile;<\/li><li>ottenere l\u2019indicazione: a) dell\u2019origine dei dati personali; b) delle finalit\u00e0 e modalit\u00e0 del trattamento; c) della logica applicata in caso di trattamento effettuato con l\u2019ausilio di strumenti elettronici; d) degli estremi identificativi del titolare, dei responsabili e del rappresentante designato ai sensi dell\u2019art. 5, comma 2 Codice Privacy e art. 3, comma 1, GDPR; e) dei soggetti o delle categorie di soggetti ai quali i dati personali possono essere comunicati o che possono venirne a conoscenza in qualit\u00e0 di rappresentante designato nel territorio dello Stato, di responsabili o incaricati;<\/li><li>ottenere: a) l\u2019aggiornamento, la rettificazione ovvero, quando vi ha interesse, l\u2019integrazione dei dati; b) la cancellazione, la trasformazione in forma anonima o il blocco dei dati trattati in violazione di legge, compresi quelli di cui non \u00e8 necessaria la conservazione in relazione agli scopi per i quali i dati sono stati raccolti o successivamente trattati; c) l\u2019attestazione che le operazioni di cui alle lettere a) e b) sono state portate a conoscenza, anche per quanto riguarda il loro contenuto, di coloro ai quali i dati sono stati comunicati o diffusi, eccettuato il caso in cui tale adempimento si rivela impossibile o comporta un impiego di mezzi manifestamente sproporzionato rispetto al diritto tutelato;<\/li><li>opporsi, in tutto o in parte: a) per motivi legittimi al trattamento dei dati personali che la riguardano, ancorch\u00e9 pertinenti allo scopo della raccolta; b) al trattamento di dati personali che la riguardano a fini di invio di materiale pubblicitario o di vendita diretta o per il compimento di ricerche di mercato o di comunicazione commerciale, mediante l\u2019uso di sistemi automatizzati di chiamata senza l\u2019intervento di un operatore mediante email e\/o mediante modalit\u00e0 di marketing tradizionali mediante telefono e\/o posta cartacea. Si fa presente che il diritto di opposizione dell\u2019interessato, esposto al precedente punto b), per finalit\u00e0 di marketing diretto mediante modalit\u00e0 automatizzate si estende a quelle tradizionali e che comunque resta salva la possibilit\u00e0 per l\u2019interessato di esercitare il diritto di opposizione anche solo in parte. Pertanto, l\u2019interessato pu\u00f2 decidere di ricevere solo comunicazioni mediante modalit\u00e0 tradizionali ovvero solo comunicazioni automatizzate oppure nessuna delle due tipologie di comunicazione.<br>Ove applicabili, ha altres\u00ec i diritti di cui agli artt. 16 \u2013 21, GDPR (Diritto di rettifica, diritto all\u2019oblio, diritto di limitazione di trattamento, diritto alla portabilit\u00e0 dei dati, diritto di opposizione), nonch\u00e9 il diritto di reclamo all\u2019Autorit\u00e0 Garante.<\/li><\/ol>\n\n\n\n<h5 class=\"wp-block-heading\" id=\"modalita-di-esercizio-dei-diritti\"><strong>Modalit\u00e0 di esercizio dei diritti<\/strong><\/h5>\n\n\n\n<p>Si ha diritto di chiedere al Titolare l\u2019accesso ai Dati che la riguardano, la loro rettifica o la cancellazione, l\u2019integrazione dei Dati incompleti, la limitazione del trattamento; di ricevere i Dati in un formato strutturato, di uso comune e leggibile da dispositivo automatico; di revocare il consenso eventualmente prestato relativamente al trattamento dei Suoi dati sensibili in qualsiasi momento ed opporsi in tutto od in parte, all&#8217;utilizzo dei Dati; di proporre reclamo all&#8217;Autorit\u00e0, nonch\u00e9 di esercitare gli altri diritti a Lei riconosciuti dalla disciplina applicabile.<br>Potr\u00e0 in qualsiasi momento esercitare i diritti inviando una raccomandata A\/R a Daniele Romanelli, via Ugo della Seta, 41, 00139 Roma, ovvero una e-mail all\u2019indirizzo: info@lavitaemeravigliosavivila.it.<\/p>\n\n\n\n<h5 class=\"wp-block-heading\" id=\"minori\"><strong>Minori<\/strong><\/h5>\n\n\n\n<p>Ove il soggetto che conferisce i dati abbia un\u2019et\u00e0 inferiore ai 16 anni, tale trattamento \u00e8 lecito soltanto se e nella misura in cui, tale consenso \u00e8 prestato o autorizzato dal titolare della responsabilit\u00e0 genitoriale per il quale sono acquisiti i dati identificativi.<\/p>\n\n\n\n<h5 class=\"wp-block-heading\" id=\"titolare-responsabile-e-incaricati\"><strong>Titolare, responsabile e incaricati<\/strong><\/h5>\n\n\n\n<p>Il Titolare del trattamento \u00e8 Daniele Romanelli, via Ugo della Seta, 41, 00139 Roma.<br>L\u2019elenco aggiornato dei responsabili e degli incaricati al trattamento \u00e8 custodito presso la sede del Titolare del trattamento.<\/p>\n\n\n\n<h5 class=\"wp-block-heading\" id=\"dpo-data-protection-officer\"><strong>DPO \u2013 Data Protection Officer<\/strong><\/h5>\n\n\n\n<p>Daniele Romanelli. Dati di contatto: info@lavitaemeravigliosavivila.it.<\/p>\n\n\n\n<h5 class=\"wp-block-heading\" id=\"modifiche-alla-presente-informativa\"><strong>Modifiche alla presente Informativa<\/strong><\/h5>\n\n\n\n<p>La presente Informativa pu\u00f2 subire variazioni. Si consiglia, quindi, di controllare regolarmente questa Informativa e di riferirsi alla versione pi\u00f9 aggiornata.<\/p>\n\n\n\n<h5 class=\"wp-block-heading\" id=\"luogo-e-data\"><strong>Luogo e data<\/strong><\/h5>\n\n\n\n<p>Roma, 01\/02\/2022<\/p>\n","protected":false},"excerpt":{"rendered":"<p>Privacy policy La presente informativa viene resa ai sensi dell\u2019art. 13 del D. Lgs. 30 giugno 2003, 196 (\u201cCodice in materia di protezione dei dati personali\u201d) e dell\u2019art. 13 del Regolamento UE n. 2016\/679 (\u201cRegolamento generale europeo sulla protezione dei dati personali\u201d). La Societ\u00e0 La vita \u00e8 meravigliosa. Vivila!, con sede legale in via Ugo&#8230;<\/p>\n","protected":false},"author":1,"featured_media":0,"parent":0,"menu_order":0,"comment_status":"closed","ping_status":"open","template":"","meta":{"_kad_post_transparent":"default","_kad_post_title":"default","_kad_post_layout":"","_kad_post_sidebar_id":"","_kad_post_content_style":"","_kad_post_vertical_padding":"default","_kad_post_feature":"","_kad_post_feature_position":"","_kad_post_header":false,"_kad_post_footer":false,"_kad_post_classname":"","footnotes":""},"class_list":["post-413","page","type-page","status-publish","hentry"],"jetpack_sharing_enabled":true,"_links":{"self":[{"href":"https:\/\/stampealfa.it\/index.php\/wp-json\/wp\/v2\/pages\/413","targetHints":{"allow":["GET"]}}],"collection":[{"href":"https:\/\/stampealfa.it\/index.php\/wp-json\/wp\/v2\/pages"}],"about":[{"href":"https:\/\/stampealfa.it\/index.php\/wp-json\/wp\/v2\/types\/page"}],"author":[{"embeddable":true,"href":"https:\/\/stampealfa.it\/index.php\/wp-json\/wp\/v2\/users\/1"}],"replies":[{"embeddable":true,"href":"https:\/\/stampealfa.it\/index.php\/wp-json\/wp\/v2\/comments?post=413"}],"version-history":[{"count":0,"href":"https:\/\/stampealfa.it\/index.php\/wp-json\/wp\/v2\/pages\/413\/revisions"}],"wp:attachment":[{"href":"https:\/\/stampealfa.it\/index.php\/wp-json\/wp\/v2\/media?parent=413"}],"curies":[{"name":"wp","href":"https:\/\/api.w.org\/{rel}","templated":true}]}}